{"id":1489,"date":"2025-02-05T12:28:32","date_gmt":"2025-02-05T15:28:32","guid":{"rendered":"https:\/\/lulicalabrese.com.ar\/cursos\/?page_id=1489"},"modified":"2025-02-05T12:29:28","modified_gmt":"2025-02-05T15:29:28","slug":"curso","status":"publish","type":"page","link":"https:\/\/lulicalabrese.com.ar\/cursos\/curso\/","title":{"rendered":"Curso"},"content":{"rendered":"\t\t<div data-elementor-type=\"wp-page\" data-elementor-id=\"1489\" class=\"elementor elementor-1489\" data-elementor-post-type=\"page\">\n\t\t\t\t\t\t<section class=\"elementor-section elementor-top-section elementor-element elementor-element-2b3af92 elementor-section-boxed elementor-section-height-default elementor-section-height-default\" data-id=\"2b3af92\" data-element_type=\"section\" data-e-type=\"section\">\n\t\t\t\t\t\t<div class=\"elementor-container elementor-column-gap-default\">\n\t\t\t\t\t<div class=\"elementor-column elementor-col-100 elementor-top-column elementor-element elementor-element-9c7f469\" data-id=\"9c7f469\" data-element_type=\"column\" data-e-type=\"column\">\n\t\t\t<div class=\"elementor-widget-wrap elementor-element-populated\">\n\t\t\t\t\t\t<div class=\"elementor-element elementor-element-cb7af6f elementor-widget elementor-widget-learnpress_list_courses\" data-id=\"cb7af6f\" data-element_type=\"widget\" data-e-type=\"widget\" data-widget_type=\"learnpress_list_courses.default\">\n\t\t\t\t<div class=\"elementor-widget-container\">\n\t\t\t\t\t\t\t\t<div class=\"lp-archive-courses\">\n\t\t\t\t<ul class=\"learn-press-courses lp-list-courses-no-css\" data-layout=\"list\"\n\t\t\t\t\tdata-size=\"10\">\n\t\t\t\t\t<li class=\"course\"><div class=\"course-item\" data-id=\"345\"><div class=\"course-thumbnail\"><a href=\"https:\/\/lulicalabrese.com.ar\/cursos\/curso\/curso-cambio-de-habitos\/\"><div class=\"course-img\"><img decoding=\"async\" src=\"https:\/\/lulicalabrese.com.ar\/cursos\/wp-content\/uploads\/2023\/06\/0knjk-scaled-500x300.jpg\" alt=\"miniatura del curso\"><\/div><\/a><\/div><div class=\"course-content\"><h3 class=\"wap-course-title\"><a class=\"course-permalink\" href=\"https:\/\/lulicalabrese.com.ar\/cursos\/curso\/curso-cambio-de-habitos\/\"><span class='course-title'>CURSO CAMBIO DE H\u00c1BITOS PARA UNA VIDA SALUDABLE SIN DIETAS<\/span><\/a><\/h3><div class=\"course-instructor-category\"><div><label>por<\/label> <div class=\"course-instructor\"><a href=\"https:\/\/lulicalabrese.com.ar\/cursos\/instructor\/luli-calabrese\/\"  > <span class=\"instructor-display-name\">Luli Calabrese<\/span><\/a><\/div><\/div><div><label>en<\/label> <div class=\"course-categories\"><a href=\"https:\/\/lulicalabrese.com.ar\/cursos\/categoria-curso\/cursos-online\/\" >Cursos Online<\/a><\/div><\/div><\/div><div class=\"course-wrap-meta\"><div class=\"meta-item meta-item-duration\"><span class=\"course-duration\">117 minutos<\/span><\/div><div class=\"meta-item meta-item-level\"><span class=\"course-level\">Todos los niveles<\/span><\/div><div class=\"meta-item meta-item-lesson\"><div class=\"course-count-item lp_lesson\">17 Lecciones<\/div><\/div><div class=\"meta-item meta-item-quiz\"><div class=\"course-count-item lp_quiz\">0 Cuestionario<\/div><\/div><div class=\"meta-item meta-item-student\"><div class=\"course-count-student\">228 Estudiantes<\/div><\/div><\/div><p class=\"course-short-description\">Te cuento un poco del curso \u263a Vas a encontrar 9 m\u00f3dulos con herramientas y consejos s\u00faper pr\u00e1cticos que te van a ayudar a comenzar un nuevo camino para tu alimentaci\u00f3n. Un camino sin restricciones y sin renunciar al placer.\u00a0\u00a0...<\/p><div class=\"course-info\"><span class=\"course-price\"><span class=\"course-item-price\"> <span class=\"price\">&#036;17,900.00<\/span> <\/span><\/span><div class=\"course-readmore\"><a href=\"https:\/\/lulicalabrese.com.ar\/cursos\/curso\/curso-cambio-de-habitos\/\">Comprar ahora<\/a><\/div><\/div><\/div><\/div><\/li>\t\t\t\t<\/ul>\n\t\t\t<\/div>\n\t\t\t\t\t\t\t<\/div>\n\t\t\t\t<\/div>\n\t\t\t\t\t<\/div>\n\t\t<\/div>\n\t\t\t\t\t<\/div>\n\t\t<\/section>\n\t\t\t\t<\/div>\n\t\t","protected":false},"excerpt":{"rendered":"CURSO CAMBIO DE H\u00c1BITOS PARA UNA VIDA SALUDABLE SIN DIETASpor Luli Calabreseen Cursos Online117 MinutesTodos los niveles17 Lecci\u00f3n0 Cuestionario228 EstudianteTe cuento un poco del curso \u263a Vas a encontrar 9 m\u00f3dulos con herramientas y&#8230; &#036;17,900.00 Leer Mas","protected":false},"author":1,"featured_media":0,"parent":0,"menu_order":0,"comment_status":"closed","ping_status":"closed","template":"","meta":{"_bbp_topic_count":0,"_bbp_reply_count":0,"_bbp_total_topic_count":0,"_bbp_total_reply_count":0,"_bbp_voice_count":0,"_bbp_anonymous_reply_count":0,"_bbp_topic_count_hidden":0,"_bbp_reply_count_hidden":0,"_bbp_forum_subforum_count":0,"footnotes":""},"class_list":["post-1489","page","type-page","status-publish","hentry"],"_links":{"self":[{"href":"https:\/\/lulicalabrese.com.ar\/cursos\/wp-json\/wp\/v2\/pages\/1489","targetHints":{"allow":["GET"]}}],"collection":[{"href":"https:\/\/lulicalabrese.com.ar\/cursos\/wp-json\/wp\/v2\/pages"}],"about":[{"href":"https:\/\/lulicalabrese.com.ar\/cursos\/wp-json\/wp\/v2\/types\/page"}],"author":[{"embeddable":true,"href":"https:\/\/lulicalabrese.com.ar\/cursos\/wp-json\/wp\/v2\/users\/1"}],"replies":[{"embeddable":true,"href":"https:\/\/lulicalabrese.com.ar\/cursos\/wp-json\/wp\/v2\/comments?post=1489"}],"version-history":[{"count":4,"href":"https:\/\/lulicalabrese.com.ar\/cursos\/wp-json\/wp\/v2\/pages\/1489\/revisions"}],"predecessor-version":[{"id":1493,"href":"https:\/\/lulicalabrese.com.ar\/cursos\/wp-json\/wp\/v2\/pages\/1489\/revisions\/1493"}],"wp:attachment":[{"href":"https:\/\/lulicalabrese.com.ar\/cursos\/wp-json\/wp\/v2\/media?parent=1489"}],"curies":[{"name":"wp","href":"https:\/\/api.w.org\/{rel}","templated":true}]}}